{"id":158,"date":"2026-03-11T11:25:30","date_gmt":"2026-03-11T10:25:30","guid":{"rendered":"https:\/\/warszawaneurolog.pl\/?page_id=158"},"modified":"2026-03-30T19:41:55","modified_gmt":"2026-03-30T17:41:55","slug":"dojazd-do-gabinetu-pilsudskiego-5-lok-2","status":"publish","type":"page","link":"https:\/\/warszawaneurolog.pl\/index.php\/dojazd-do-gabinetu-pilsudskiego-5-lok-2\/","title":{"rendered":"Dojazd do Gabinetu Pi\u0142sudskiego 5 lok 2"},"content":{"rendered":"\n<p>W zwi\u0105zku z um\u00f3wion\u0105 wizyt\u0105 w Gabinecie w O\u017car\u00f3w Mazowieckim ul. Pi\u0142sudskiego 5 lok 2 przesy\u0142am szczeg\u00f3\u0142y dotycz\u0105ce dojazdu.<br>Gabinet znajduje si\u0119 na parterze w nowym bloku przy ulicy Pi\u0142sudskiego 5 mieszkanie nr 2.<\/p>\n\n\n\n<p>Mo\u017cna dojecha\u0107 od ul. Kapucka do Widoku lub Pi\u0142sudskiego (sugerowane) lub od ul. Szkolna przez Pi\u0142sudskiego. Mo\u017cna drog\u0105 wy\u0142o\u017con\u0105 p\u0142ytami objecha\u0107 do bloku od ulicy Widok. Najlepsza droga jest od ulicy Kapuckiej przez Pi\u0142sudskiego lub troch\u0119 gorsza od Szkolnej. Samoch\u00f3d nale\u017cy zaparkowa\u0107 przed szlabanem kt\u00f3ry znajduje si\u0119 z obu stron budynku.<\/p>\n\n\n\n<p>Je\u017celi szlaban jest otwarty to przy jego zamkni\u0119ciu nie b\u0119dzie mo\u017cna wyjecha\u0107.<\/p>\n\n\n\n<p>Link w google maps: <a href=\"https:\/\/maps.app.goo.gl\/VgNF9C4w2M8X5xWi8\">LINK<\/a><\/p>\n\n\n\n<figure class=\"wp-block-image size-large\"><img loading=\"lazy\" decoding=\"async\" width=\"1024\" height=\"777\" src=\"https:\/\/warszawaneurolog.pl\/wp-content\/uploads\/2026\/03\/image-4-1024x777.png\" alt=\"\" class=\"wp-image-165\" srcset=\"https:\/\/warszawaneurolog.pl\/wp-content\/uploads\/2026\/03\/image-4-1024x777.png 1024w, https:\/\/warszawaneurolog.pl\/wp-content\/uploads\/2026\/03\/image-4-300x228.png 300w, https:\/\/warszawaneurolog.pl\/wp-content\/uploads\/2026\/03\/image-4-768x583.png 768w, https:\/\/warszawaneurolog.pl\/wp-content\/uploads\/2026\/03\/image-4-1536x1165.png 1536w, https:\/\/warszawaneurolog.pl\/wp-content\/uploads\/2026\/03\/image-4.png 1732w\" sizes=\"auto, (max-width: 1024px) 100vw, 1024px\" \/><\/figure>\n","protected":false},"excerpt":{"rendered":"<p>W zwi\u0105zku z um\u00f3wion\u0105 wizyt\u0105 w Gabinecie w O\u017car\u00f3w Mazowieckim ul. Pi\u0142sudskiego 5 lok 2 przesy\u0142am szczeg\u00f3\u0142y dotycz\u0105ce dojazdu.Gabinet znajduje si\u0119 na parterze w nowym bloku przy ulicy Pi\u0142sudskiego 5 mieszkanie nr 2. Mo\u017cna dojecha\u0107 od ul. Kapucka do Widoku lub Pi\u0142sudskiego (sugerowane) lub od ul. Szkolna przez Pi\u0142sudskiego. Mo\u017cna drog\u0105 wy\u0142o\u017con\u0105 p\u0142ytami objecha\u0107 do [&hellip;]<\/p>\n","protected":false},"author":1,"featured_media":0,"parent":0,"menu_order":0,"comment_status":"closed","ping_status":"closed","template":"","meta":{"footnotes":""},"class_list":["post-158","page","type-page","status-publish","hentry"],"jetpack_sharing_enabled":true,"_links":{"self":[{"href":"https:\/\/warszawaneurolog.pl\/index.php\/wp-json\/wp\/v2\/pages\/158","targetHints":{"allow":["GET"]}}],"collection":[{"href":"https:\/\/warszawaneurolog.pl\/index.php\/wp-json\/wp\/v2\/pages"}],"about":[{"href":"https:\/\/warszawaneurolog.pl\/index.php\/wp-json\/wp\/v2\/types\/page"}],"author":[{"embeddable":true,"href":"https:\/\/warszawaneurolog.pl\/index.php\/wp-json\/wp\/v2\/users\/1"}],"replies":[{"embeddable":true,"href":"https:\/\/warszawaneurolog.pl\/index.php\/wp-json\/wp\/v2\/comments?post=158"}],"version-history":[{"count":5,"href":"https:\/\/warszawaneurolog.pl\/index.php\/wp-json\/wp\/v2\/pages\/158\/revisions"}],"predecessor-version":[{"id":171,"href":"https:\/\/warszawaneurolog.pl\/index.php\/wp-json\/wp\/v2\/pages\/158\/revisions\/171"}],"wp:attachment":[{"href":"https:\/\/warszawaneurolog.pl\/index.php\/wp-json\/wp\/v2\/media?parent=158"}],"curies":[{"name":"wp","href":"https:\/\/api.w.org\/{rel}","templated":true}]}}